{"id":7,"date":"2020-12-23T14:21:21","date_gmt":"2020-12-23T14:21:21","guid":{"rendered":"https:\/\/new.hotel-adler-rudolstadt.de\/?page_id=7"},"modified":"2026-01-07T10:43:10","modified_gmt":"2026-01-07T10:43:10","slug":"startseite","status":"publish","type":"page","link":"https:\/\/www.hotel-adler-rudolstadt.de\/","title":{"rendered":"Startseite"},"content":{"rendered":"<p><div class=\"fusion-fullwidth fullwidth-box fusion-builder-row-1 fusion-flex-container nonhundred-percent-fullwidth non-hundred-percent-height-scrolling\" style=\"--awb-border-radius-top-left:0px;--awb-border-radius-top-right:0px;--awb-border-radius-bottom-right:0px;--awb-border-radius-bottom-left:0px;--awb-flex-wrap:wrap;\" ><div class=\"fusion-builder-row fusion-row fusion-flex-align-items-flex-start fusion-flex-content-wrap\" style=\"max-width:1248px;margin-left: calc(-4% \/ 2 );margin-right: calc(-4% \/ 2 );\"><div class=\"fusion-layout-column fusion_builder_column fusion-builder-column-0 fusion_builder_column_1_1 1_1 fusion-flex-column\" style=\"--awb-bg-size:cover;--awb-width-large:100%;--awb-margin-top-large:0px;--awb-spacing-right-large:1.92%;--awb-margin-bottom-large:20px;--awb-spacing-left-large:1.92%;--awb-width-medium:100%;--awb-order-medium:0;--awb-spacing-right-medium:1.92%;--awb-spacing-left-medium:1.92%;--awb-width-small:100%;--awb-order-small:0;--awb-spacing-right-small:1.92%;--awb-spacing-left-small:1.92%;\"><div class=\"fusion-column-wrapper fusion-column-has-shadow fusion-flex-justify-content-flex-start fusion-content-layout-column\"><div class=\"fusion-title title fusion-title-1 fusion-sep-none fusion-title-text fusion-title-size-two\"><h2 class=\"fusion-title-heading title-heading-left\" style=\"margin:0;\"><h2>Herzlich Willkommen in unserem historischen Hotel Adler in Rudolstadt<\/h2><\/h2><\/div><div class=\"fusion-text fusion-text-1\"><h4><a name=\"_Toc522290316\"><\/a> Majest\u00e4tische \u00dcbernachtung im Zentrum Rudolstadts f\u00fcr jedermann!<\/h4>\n<p>Am Fu\u00dfe der Heidecksburg gelegen, f\u00fcgt sich das Hotel Adler harmonisch ins Ensemble der Altstadt Rudolstadts ein. Die unmittelbare Lage am Alten Markt und die direkte N\u00e4he zum Rathaus geben Auskunft \u00fcber die Tradition des Hauses, welches bereits im sechzehnten Jahrhundert errichtet wurde. Unsere 36 Hotelzimmer vereinen stilvolles Ambiente und die Vorz\u00fcge von Modernit\u00e4t, sodass Ihre \u00dcbernachtung im Zentrum der Residenzstadt Rudolstadt zu einem unvergesslichen Erlebnis wird. Ganz gleich, ob eine St\u00e4dtereise, eine Gesch\u00e4ftsreise oder ein Familienurlaub geplant ist, das Hotel Adler bietet mit seinen Zimmerkategorien \u00dcbernachtungsm\u00f6glichkeiten f\u00fcr jeden Anlass. In unserer Lobby k\u00f6nnen Sie den Tag Revue passieren lassen, w\u00e4hrend Sie Ihr Auto oder Fahrrad in Sicherheit wissen. Der hoteleigene und teils \u00fcberdachte Parkplatz ist \u00fcber eine Toreinfahrt zu erreichen und steht Ihnen w\u00e4hrend Ihres Aufenthaltes kostenfrei zur Verf\u00fcgung. Fahrr\u00e4der hingegen k\u00f6nnen in einem Fahrradraum abgestellt werden, der nur G\u00e4sten und dem Hotelpersonal zug\u00e4nglich ist. Dank des Fahrstuhls k\u00f6nnen Sie die zwei Etagen des Hotels nach einem ereignisreichen Tag bequem erreichen.<\/p>\n<div id=\"mid\">\n<div class=\"cell medium-6 large-9\">\n<div id=\"c1084\" class=\"frame frame-default frame-type-dce_dceuid5 frame-layout-0\">\n<div class=\"content-element homepage-text\">\n<div class=\"text\"><\/div>\n<\/div>\n<\/div>\n<\/div>\n<\/div>\n<\/div><div class=\"fusion-separator fusion-full-width-sep\" style=\"align-self: center;margin-left: auto;margin-right: auto;width:100%;\"><div class=\"fusion-separator-border sep-shadow\" style=\"--awb-height:20px;--awb-amount:20px;background:radial-gradient(ellipse at 50% -50% , #e2e2e2 0px, rgba(255, 255, 255, 0) 80%) repeat scroll 0 0 rgba(0, 0, 0, 0);background:-webkit-radial-gradient(ellipse at 50% -50% , #e2e2e2 0px, rgba(255, 255, 255, 0) 80%) repeat scroll 0 0 rgba(0, 0, 0, 0);background:-moz-radial-gradient(ellipse at 50% -50% , #e2e2e2 0px, rgba(255, 255, 255, 0) 80%) repeat scroll 0 0 rgba(0, 0, 0, 0);background:-o-radial-gradient(ellipse at 50% -50% , #e2e2e2 0px, rgba(255, 255, 255, 0) 80%) repeat scroll 0 0 rgba(0, 0, 0, 0);\"><\/div><\/div><\/div><\/div><\/div><\/div><div class=\"fusion-fullwidth fullwidth-box fusion-builder-row-2 fusion-flex-container nonhundred-percent-fullwidth non-hundred-percent-height-scrolling\" style=\"--awb-border-radius-top-left:0px;--awb-border-radius-top-right:0px;--awb-border-radius-bottom-right:0px;--awb-border-radius-bottom-left:0px;--awb-flex-wrap:wrap;\" ><div class=\"fusion-builder-row fusion-row fusion-flex-align-items-flex-start fusion-flex-content-wrap\" style=\"max-width:1248px;margin-left: calc(-4% \/ 2 );margin-right: calc(-4% \/ 2 );\"><div class=\"fusion-layout-column fusion_builder_column fusion-builder-column-1 fusion_builder_column_1_1 1_1 fusion-flex-column\" style=\"--awb-bg-size:cover;--awb-width-large:100%;--awb-margin-top-large:0px;--awb-spacing-right-large:1.92%;--awb-margin-bottom-large:20px;--awb-spacing-left-large:1.92%;--awb-width-medium:100%;--awb-order-medium:0;--awb-spacing-right-medium:1.92%;--awb-spacing-left-medium:1.92%;--awb-width-small:100%;--awb-order-small:0;--awb-spacing-right-small:1.92%;--awb-spacing-left-small:1.92%;\"><div class=\"fusion-column-wrapper fusion-column-has-shadow fusion-flex-justify-content-flex-start fusion-content-layout-column\"><div class=\"fusion-text fusion-text-2\" style=\"--awb-text-transform:none;\"><h4><a name=\"_Toc522290323\"><\/a>Hotel Adler: Der Geschichte auf der Spur und die Vorz\u00fcge der Moderne genie\u00dfen!<\/h4>\n<p>Das im Zentrum Rudolstadts liegende Hotel blickt auf eine f\u00fcnfhundertj\u00e4hrige Geschichte zur\u00fcck. Sch\u00e4tzungen zufolge \u00f6ffnete der damalige Gasthof Zum Schwarzen Adler um 1512 seine Pforten, damit Einheimische und Durchreisende verk\u00f6stigt werden konnten. Obwohl der Gasthof 1542 restlos niederbrannte, geben die Aufzeichnungen Auskunft \u00fcber die Wiederer\u00f6ffnung im selbigen Jahr. Nachdem Rudolstadt 1571 zur Residenzstadt des Hauses Schwarzburg- Rudolstadt ernannt wurde, begann die kulturelle Bl\u00fctezeit der Stadt im Schwarzatal. Vor diesem Kontext scheint es nicht verwunderlich, dass der Gasthof bereits 1601 ein Ausschankprivileg erhielt, das den Ausschank von fremden Weinen und Bieren erlaubte. Nachdem der Gasthof Mitte des achtzehnten Jahrhunderts verkauft wurde, avancierte es zu einem der beliebtesten Gast- und Rasth\u00e4user in ganz Rudolstadt. Eine solch beliebte Unterkunft rief selbstredend auch popul\u00e4re G\u00e4ste herbei. Im Oktober des Jahres 1817 \u00fcbernachtete Goethe laut eines Tagebucheintrags im Hotel Adler, da er sich scheinbar intensiv mit der baulichen Situation der Heidecksburg befasste. Gegen Ende des neunzehnten Jahrhunderts wurde eine Posthalterei im Untergeschoss des Adlers eingerichtet. Mittels Pferdekutschen erfolgte der Postversand in andere St\u00e4dte Th\u00fcringens. F\u00fcr Durchreisende wurden sog. Passagierstuben erbaut. Obwohl die einstigen Fremdenzimmer nach 1945 als B\u00fcror\u00e4ume der Handelsorganisation genutzt wurden, konnte der Gasst\u00e4ttenbetrieb bis kurz vor der deutschen Wiedervereinigung erhalten bleiben. Seit 2009 wird das Hotel Adler von der Familie Dittrich betrieben. Das Wort Stagnation ist den Besitzern fremd, sodass stetig an der Modernisierung und am Komfort gearbeitet wird, damit Ihr Aufenthalt zu einem unvergesslichen Erlebnis wird, das Sie in vollen Z\u00fcgen genie\u00dfen k\u00f6nnen.<\/p>\n<p>Anfahrt: \u00d6PNV oder eigener PKW \u2013 so gelangen Sie bequem zu uns!<\/p>\n<h4><a href=\"https:\/\/maps.google.com\/?q=50.719517,11.339702\"><u>Hier klicken: Anreise mit dem eigenen PKW, Motorrad und Fahrrad<\/u><\/a><\/h4>\n<p>Sollten Sie mit dem eigenen PKW anreisen und einen der hoteleigenen, kostenfreien sowie teils \u00fcberdachten Parkpl\u00e4tze nutzen wollen, geben Sie bitte folgende Adresse in Ihr Navigationsger\u00e4t ein, um zu der Toreinfahrt des Parkplatzes zu gelangen.<\/p>\n<p>Unsere hoteleigene Fahrradgarage (Zugangskontrolle, Video\u00fcberwachung und Ladestation f\u00fcr E-Bike Akkus) befindet sich mit im Hof.<\/p>\n<p>Bitte beachten Sie das es sich hierbei um eine <strong>Einfahrt<\/strong> mit beschr\u00e4nkter H\u00f6he von<strong> 2,70<\/strong>m handelt.<\/p>\n<p>Hotel Adler<\/p>\n<p>Mauerstra\u00dfe 2b<\/p>\n<p>07407 Rudolstadt<\/p>\n<p><img decoding=\"async\" class=\"alignnone wp-image-363\" src=\"https:\/\/www.hotel-adler-rudolstadt.de\/wp-content\/uploads\/2026\/01\/image003-rotated.jpg\" alt=\"Einfahrt zu Parkplatz f\u00fcr Hotelg\u00e4ste\" width=\"509\" height=\"679\" srcset=\"https:\/\/www.hotel-adler-rudolstadt.de\/wp-content\/uploads\/2026\/01\/image003-200x267.jpg 200w, https:\/\/www.hotel-adler-rudolstadt.de\/wp-content\/uploads\/2026\/01\/image003-225x300.jpg 225w, https:\/\/www.hotel-adler-rudolstadt.de\/wp-content\/uploads\/2026\/01\/image003-400x533.jpg 400w, https:\/\/www.hotel-adler-rudolstadt.de\/wp-content\/uploads\/2026\/01\/image003-600x800.jpg 600w, https:\/\/www.hotel-adler-rudolstadt.de\/wp-content\/uploads\/2026\/01\/image003-768x1024.jpg 768w, https:\/\/www.hotel-adler-rudolstadt.de\/wp-content\/uploads\/2026\/01\/image003-800x1067.jpg 800w, https:\/\/www.hotel-adler-rudolstadt.de\/wp-content\/uploads\/2026\/01\/image003-1152x1536.jpg 1152w, https:\/\/www.hotel-adler-rudolstadt.de\/wp-content\/uploads\/2026\/01\/image003-1200x1600.jpg 1200w, https:\/\/www.hotel-adler-rudolstadt.de\/wp-content\/uploads\/2026\/01\/image003-1536x2048.jpg 1536w, https:\/\/www.hotel-adler-rudolstadt.de\/wp-content\/uploads\/2026\/01\/image003-rotated.jpg 1584w\" sizes=\"(max-width: 509px) 100vw, 509px\" \/><\/p>\n<h4><a href=\"https:\/\/www.google.com\/maps\/place\/Markt+17,+07407+Rudolstadt\/@50.72013,11.3391728,19z\/data=!3m1!4b1!4m5!3m4!1s0x47a3fe856bb74e8f:0x60b60a7b3b9c7879!8m2!3d50.72013!4d11.33972\"><u>Hier klicken: Anreise mit der Bahn<\/u><\/a><\/h4>\n<p>Der Bahnhof ist circa 250 Meter von unserem Hotel entfernt, sodass Sie einen Fu\u00dfweg von maximal f\u00fcnf Minuten einplanen sollten.<\/p>\n<h4>Rezeption &amp; Check-In<\/h4>\n<p>Bitte beachten Sie, dass wir f\u00fcr Sie t\u00e4glich von 09:00 Uhr bis 15:00 Uhr pers\u00f6nlich an unserer Rezeption zur Verf\u00fcgung stehen.<\/p>\n<p>Sollte die Rezeption nicht pers\u00f6nlich besetzt sein, k\u00f6nnen Sie den Check-In Automat (nur Kartenzahlung) im Eingangsbereich Markt 17 nutzen.<br \/>\nDer Check-In Automat steht Ihnen in der Zeit von 15:00 Uhr am Anreisetag bis 05:30 Uhr am Folgetag zur Verf\u00fcgung.<\/p>\n<p>Wir freuen uns auf Ihren Besuch.<\/p>\n<\/div><\/div><\/div><\/div><\/div><\/p>\n","protected":false},"excerpt":{"rendered":"","protected":false},"author":2,"featured_media":0,"parent":0,"menu_order":0,"comment_status":"closed","ping_status":"closed","template":"","meta":{"footnotes":""},"class_list":["post-7","page","type-page","status-publish","hentry"],"yoast_head":"<!-- This site is optimized with the Yoast SEO plugin v26.0 - https:\/\/yoast.com\/wordpress\/plugins\/seo\/ -->\n<title>Startseite - Hotel Adler Rudolstadt<\/title>\n<meta name=\"robots\" content=\"index, follow, max-snippet:-1, max-image-preview:large, max-video-preview:-1\" \/>\n<link rel=\"canonical\" href=\"https:\/\/www.hotel-adler-rudolstadt.de\/\" \/>\n<meta property=\"og:locale\" content=\"de_DE\" \/>\n<meta property=\"og:type\" content=\"article\" \/>\n<meta property=\"og:title\" content=\"Startseite - Hotel Adler Rudolstadt\" \/>\n<meta property=\"og:url\" content=\"https:\/\/www.hotel-adler-rudolstadt.de\/\" \/>\n<meta property=\"og:site_name\" content=\"Hotel Adler Rudolstadt\" \/>\n<meta property=\"article:modified_time\" content=\"2026-01-07T10:43:10+00:00\" \/>\n<meta property=\"og:image\" content=\"https:\/\/www.hotel-adler-rudolstadt.de\/wp-content\/uploads\/2026\/01\/image003-rotated.jpg\" \/>\n\t<meta property=\"og:image:width\" content=\"1584\" \/>\n\t<meta property=\"og:image:height\" content=\"2112\" \/>\n\t<meta property=\"og:image:type\" content=\"image\/jpeg\" \/>\n<meta name=\"twitter:card\" content=\"summary_large_image\" \/>\n<meta name=\"twitter:label1\" content=\"Gesch\u00e4tzte Lesezeit\" \/>\n\t<meta name=\"twitter:data1\" content=\"4\u00a0Minuten\" \/>\n<script type=\"application\/ld+json\" class=\"yoast-schema-graph\">{\"@context\":\"https:\/\/schema.org\",\"@graph\":[{\"@type\":\"WebPage\",\"@id\":\"https:\/\/www.hotel-adler-rudolstadt.de\/\",\"url\":\"https:\/\/www.hotel-adler-rudolstadt.de\/\",\"name\":\"Startseite - Hotel Adler Rudolstadt\",\"isPartOf\":{\"@id\":\"https:\/\/www.hotel-adler-rudolstadt.de\/#website\"},\"primaryImageOfPage\":{\"@id\":\"https:\/\/www.hotel-adler-rudolstadt.de\/#primaryimage\"},\"image\":{\"@id\":\"https:\/\/www.hotel-adler-rudolstadt.de\/#primaryimage\"},\"thumbnailUrl\":\"https:\/\/www.hotel-adler-rudolstadt.de\/wp-content\/uploads\/2026\/01\/image003-rotated.jpg\",\"datePublished\":\"2020-12-23T14:21:21+00:00\",\"dateModified\":\"2026-01-07T10:43:10+00:00\",\"breadcrumb\":{\"@id\":\"https:\/\/www.hotel-adler-rudolstadt.de\/#breadcrumb\"},\"inLanguage\":\"de\",\"potentialAction\":[{\"@type\":\"ReadAction\",\"target\":[\"https:\/\/www.hotel-adler-rudolstadt.de\/\"]}]},{\"@type\":\"ImageObject\",\"inLanguage\":\"de\",\"@id\":\"https:\/\/www.hotel-adler-rudolstadt.de\/#primaryimage\",\"url\":\"https:\/\/www.hotel-adler-rudolstadt.de\/wp-content\/uploads\/2026\/01\/image003-rotated.jpg\",\"contentUrl\":\"https:\/\/www.hotel-adler-rudolstadt.de\/wp-content\/uploads\/2026\/01\/image003-rotated.jpg\",\"width\":1584,\"height\":2112,\"caption\":\"Einfahrt zu Parkplatz f\u00fcr Hotelg\u00e4ste\"},{\"@type\":\"BreadcrumbList\",\"@id\":\"https:\/\/www.hotel-adler-rudolstadt.de\/#breadcrumb\",\"itemListElement\":[{\"@type\":\"ListItem\",\"position\":1,\"name\":\"Startseite\",\"item\":\"https:\/\/www.hotel-adler-rudolstadt.de\/\"},{\"@type\":\"ListItem\",\"position\":2,\"name\":\"Startseite\"}]},{\"@type\":\"WebSite\",\"@id\":\"https:\/\/www.hotel-adler-rudolstadt.de\/#website\",\"url\":\"https:\/\/www.hotel-adler-rudolstadt.de\/\",\"name\":\"Hotel Adler Rudolstadt\",\"description\":\"Historisches Hotel in der Altstadt von Rudolstadt\",\"potentialAction\":[{\"@type\":\"SearchAction\",\"target\":{\"@type\":\"EntryPoint\",\"urlTemplate\":\"https:\/\/www.hotel-adler-rudolstadt.de\/?s={search_term_string}\"},\"query-input\":{\"@type\":\"PropertyValueSpecification\",\"valueRequired\":true,\"valueName\":\"search_term_string\"}}],\"inLanguage\":\"de\"}]}<\/script>\n<!-- \/ Yoast SEO plugin. -->","yoast_head_json":{"title":"Startseite - Hotel Adler Rudolstadt","robots":{"index":"index","follow":"follow","max-snippet":"max-snippet:-1","max-image-preview":"max-image-preview:large","max-video-preview":"max-video-preview:-1"},"canonical":"https:\/\/www.hotel-adler-rudolstadt.de\/","og_locale":"de_DE","og_type":"article","og_title":"Startseite - Hotel Adler Rudolstadt","og_url":"https:\/\/www.hotel-adler-rudolstadt.de\/","og_site_name":"Hotel Adler Rudolstadt","article_modified_time":"2026-01-07T10:43:10+00:00","og_image":[{"width":1584,"height":2112,"url":"https:\/\/www.hotel-adler-rudolstadt.de\/wp-content\/uploads\/2026\/01\/image003-rotated.jpg","type":"image\/jpeg"}],"twitter_card":"summary_large_image","twitter_misc":{"Gesch\u00e4tzte Lesezeit":"4\u00a0Minuten"},"schema":{"@context":"https:\/\/schema.org","@graph":[{"@type":"WebPage","@id":"https:\/\/www.hotel-adler-rudolstadt.de\/","url":"https:\/\/www.hotel-adler-rudolstadt.de\/","name":"Startseite - Hotel Adler Rudolstadt","isPartOf":{"@id":"https:\/\/www.hotel-adler-rudolstadt.de\/#website"},"primaryImageOfPage":{"@id":"https:\/\/www.hotel-adler-rudolstadt.de\/#primaryimage"},"image":{"@id":"https:\/\/www.hotel-adler-rudolstadt.de\/#primaryimage"},"thumbnailUrl":"https:\/\/www.hotel-adler-rudolstadt.de\/wp-content\/uploads\/2026\/01\/image003-rotated.jpg","datePublished":"2020-12-23T14:21:21+00:00","dateModified":"2026-01-07T10:43:10+00:00","breadcrumb":{"@id":"https:\/\/www.hotel-adler-rudolstadt.de\/#breadcrumb"},"inLanguage":"de","potentialAction":[{"@type":"ReadAction","target":["https:\/\/www.hotel-adler-rudolstadt.de\/"]}]},{"@type":"ImageObject","inLanguage":"de","@id":"https:\/\/www.hotel-adler-rudolstadt.de\/#primaryimage","url":"https:\/\/www.hotel-adler-rudolstadt.de\/wp-content\/uploads\/2026\/01\/image003-rotated.jpg","contentUrl":"https:\/\/www.hotel-adler-rudolstadt.de\/wp-content\/uploads\/2026\/01\/image003-rotated.jpg","width":1584,"height":2112,"caption":"Einfahrt zu Parkplatz f\u00fcr Hotelg\u00e4ste"},{"@type":"BreadcrumbList","@id":"https:\/\/www.hotel-adler-rudolstadt.de\/#breadcrumb","itemListElement":[{"@type":"ListItem","position":1,"name":"Startseite","item":"https:\/\/www.hotel-adler-rudolstadt.de\/"},{"@type":"ListItem","position":2,"name":"Startseite"}]},{"@type":"WebSite","@id":"https:\/\/www.hotel-adler-rudolstadt.de\/#website","url":"https:\/\/www.hotel-adler-rudolstadt.de\/","name":"Hotel Adler Rudolstadt","description":"Historisches Hotel in der Altstadt von Rudolstadt","potentialAction":[{"@type":"SearchAction","target":{"@type":"EntryPoint","urlTemplate":"https:\/\/www.hotel-adler-rudolstadt.de\/?s={search_term_string}"},"query-input":{"@type":"PropertyValueSpecification","valueRequired":true,"valueName":"search_term_string"}}],"inLanguage":"de"}]}},"_links":{"self":[{"href":"https:\/\/www.hotel-adler-rudolstadt.de\/index.php\/wp-json\/wp\/v2\/pages\/7","targetHints":{"allow":["GET"]}}],"collection":[{"href":"https:\/\/www.hotel-adler-rudolstadt.de\/index.php\/wp-json\/wp\/v2\/pages"}],"about":[{"href":"https:\/\/www.hotel-adler-rudolstadt.de\/index.php\/wp-json\/wp\/v2\/types\/page"}],"author":[{"embeddable":true,"href":"https:\/\/www.hotel-adler-rudolstadt.de\/index.php\/wp-json\/wp\/v2\/users\/2"}],"replies":[{"embeddable":true,"href":"https:\/\/www.hotel-adler-rudolstadt.de\/index.php\/wp-json\/wp\/v2\/comments?post=7"}],"version-history":[{"count":41,"href":"https:\/\/www.hotel-adler-rudolstadt.de\/index.php\/wp-json\/wp\/v2\/pages\/7\/revisions"}],"predecessor-version":[{"id":373,"href":"https:\/\/www.hotel-adler-rudolstadt.de\/index.php\/wp-json\/wp\/v2\/pages\/7\/revisions\/373"}],"wp:attachment":[{"href":"https:\/\/www.hotel-adler-rudolstadt.de\/index.php\/wp-json\/wp\/v2\/media?parent=7"}],"curies":[{"name":"wp","href":"https:\/\/api.w.org\/{rel}","templated":true}]}}